{"id":12,"date":"2019-02-13T15:13:35","date_gmt":"2019-02-13T14:13:35","guid":{"rendered":"http:\/\/bipspzarki.zarki.com.pl\/?page_id=12"},"modified":"2019-02-16T12:34:48","modified_gmt":"2019-02-16T11:34:48","slug":"status-prawny","status":"publish","type":"page","link":"https:\/\/bipspzarki.zarki.szkola.pl\/index.php\/status-prawny\/","title":{"rendered":"Status prawny"},"content":{"rendered":"\n<p>Szko\u0142a Podstawowa im. W\u0142. Szafera w \u017barkach jest szko\u0142\u0105 publiczn\u0105 i dzia\u0142a na podstawie:<\/p>\n\n\n\n<ul class=\"wp-block-list\"><li>Ustawy o systemie o\u015bwiaty z dnia 7 wrze\u015bnia 1991 r. (Dz. U. z 2016 r. poz. 1943, 1954, 1985 i 2169 oraz z 2017 r. poz. 60, 949 i 1292),<\/li><li>Ustawy z dnia 14 grudnia 2016 r. \u2013 Przepisy wprowadzaj\u0105ce ustaw\u0119 Prawoo\u015bwiatowe (Dz. U. z 2017 r. poz. 60),<\/li><li>Ustawy Prawo o\u015bwiatowe z dnia 14 grudnia 2016 r. (Dz. U. z 2017 r. poz. 59 i 949),<\/li><li>Aktu za\u0142o\u017cycielskiego,<\/li><li>Uchwa\u0142y NR XXXVIII\/293\/2017 Rady Miejskiej w \u017barkach z dnia 30 listopada 2017 r. w sprawie stwierdzenia przekszta\u0142cenia dotychczasowej sze\u015bcioletniej Szko\u0142y Podstawowej im. W\u0142. Szafera w \u017barkach w o\u015bmioletni\u0105 Szko\u0142\u0119 Podstawow\u0105 im. W\u0142. Szafera w \u017barkach,<\/li><li>Statutu Szko\u0142y im. W\u0142. Szafera w \u017barkach.<\/li><\/ul>\n\n\n\n<p>Nadz\u00f3r pedagogiczny&nbsp;nad plac\u00f3wk\u0105 sprawuje&nbsp;\u015al\u0105ski Kurator O\u015bwiaty.<\/p>\n\n\n\n<p>Organem prowadz\u0105cym\u00a0dla plac\u00f3wki jest\u00a0Gmina \u017barki.<\/p>\n\n\n\n<pre class=\"wp-block-preformatted\"><strong>Metryczka<\/strong><br>\u017br\u00f3d\u0142o informacji: <br>Data utworzenia: 2019-02-13 15:13:35 <br>Wprowadzi\u0142 do systemu: <br>Data wprowadzenia: 2019-02-13 15:13:35 <br>Ostatnia zmiana: 2019-02-16 12:34:48<br>Ilo\u015b\u0107 wy\u015bwietle\u0144: 800<\/pre>\n","protected":false},"excerpt":{"rendered":"<p>Szko\u0142a Podstawowa im. W\u0142. Szafera w \u017barkach jest szko\u0142\u0105 publiczn\u0105 i dzia\u0142a na podstawie: Ustawy o systemie o\u015bwiaty z dnia 7 wrze\u015bnia 1991 r. (Dz. U. z 2016 r. poz. 1943, 1954, 1985 i 2169 oraz z 2017 r. poz. 60, 949 i 1292), Ustawy z dnia 14 grudnia 2016 r. \u2013 Przepisy wprowadzaj\u0105ce ustaw\u0119 &hellip; <a href=\"https:\/\/bipspzarki.zarki.szkola.pl\/index.php\/status-prawny\/\" class=\"more-link\">Czytaj dalej <span class=\"screen-reader-text\">Status prawny<\/span><\/a><\/p>\n","protected":false},"author":1,"featured_media":0,"parent":0,"menu_order":0,"comment_status":"closed","ping_status":"closed","template":"","meta":{"footnotes":""},"class_list":["post-12","page","type-page","status-publish","hentry"],"_links":{"self":[{"href":"https:\/\/bipspzarki.zarki.szkola.pl\/index.php\/wp-json\/wp\/v2\/pages\/12"}],"collection":[{"href":"https:\/\/bipspzarki.zarki.szkola.pl\/index.php\/wp-json\/wp\/v2\/pages"}],"about":[{"href":"https:\/\/bipspzarki.zarki.szkola.pl\/index.php\/wp-json\/wp\/v2\/types\/page"}],"author":[{"embeddable":true,"href":"https:\/\/bipspzarki.zarki.szkola.pl\/index.php\/wp-json\/wp\/v2\/users\/1"}],"replies":[{"embeddable":true,"href":"https:\/\/bipspzarki.zarki.szkola.pl\/index.php\/wp-json\/wp\/v2\/comments?post=12"}],"version-history":[{"count":2,"href":"https:\/\/bipspzarki.zarki.szkola.pl\/index.php\/wp-json\/wp\/v2\/pages\/12\/revisions"}],"predecessor-version":[{"id":145,"href":"https:\/\/bipspzarki.zarki.szkola.pl\/index.php\/wp-json\/wp\/v2\/pages\/12\/revisions\/145"}],"wp:attachment":[{"href":"https:\/\/bipspzarki.zarki.szkola.pl\/index.php\/wp-json\/wp\/v2\/media?parent=12"}],"curies":[{"name":"wp","href":"https:\/\/api.w.org\/{rel}","templated":true}]}}