{"id":14,"date":"2019-02-13T15:13:55","date_gmt":"2019-02-13T14:13:55","guid":{"rendered":"http:\/\/bipspzarki.zarki.com.pl\/?page_id=14"},"modified":"2019-02-16T12:42:44","modified_gmt":"2019-02-16T11:42:44","slug":"przedmiot-dzialalnosci-i-kompetencje","status":"publish","type":"page","link":"https:\/\/bipspzarki.zarki.szkola.pl\/index.php\/przedmiot-dzialalnosci-i-kompetencje\/","title":{"rendered":"Przedmiot dzia\u0142alno\u015bci i kompetencje"},"content":{"rendered":"\n<p><strong>Sposoby przyjmowania i za\u0142atwiania spraw<\/strong><\/p>\n\n\n\n<p>Dyrektor szko\u0142y- Tadeusz Paku\u0142a<br>przyjmuje w poniedzia\u0142ki godz. 12.00 \u2013 14.00<\/p>\n\n\n\n<p>Sekretariat czynny codziennie w godz. 8.00- 15.00.<\/p>\n\n\n\n<p><strong>Kompetencje<\/strong><\/p>\n\n\n\n<ol class=\"wp-block-list\"><li>Organy Szko\u0142y Podstawowej im. W\u0142. Szafera w \u017barkach:<\/li><\/ol>\n\n\n\n<ul class=\"wp-block-list\"><li>Dyrektor,<\/li><li>Rada Pedagogiczna,<\/li><li>Rada Rodzic\u00f3w,<\/li><li>Samorz\u0105d Uczniowski.<\/li><\/ul>\n\n\n\n<p>2. Kompetencje organ\u00f3w szko\u0142y okre\u015bla Statut Szko\u0142y Podstawowej im. W\u0142. Szafera w \u017barkach.<\/p>\n\n\n\n<p>3. Rada Pedagogiczna, Rada Rodzic\u00f3w oraz Samorz\u0105d Uczniowski dzia\u0142aj\u0105 na podstawie przyj\u0119tych regulamin\u00f3w:<\/p>\n\n\n\n<ul class=\"wp-block-list\"><li>Regulamin Rady Rodzic\u00f3w,<\/li><li>Regulamin Rady Pedagogicznej,<\/li><li>Regulamin Samorz\u0105du Uczniowskiego.<\/li><\/ul>\n\n\n\n<pre class=\"wp-block-preformatted\"><strong>Metryczka<\/strong><br>\u017br\u00f3d\u0142o informacji: <br>Data utworzenia: 2019-02-13 15:13:55 <br>Wprowadzi\u0142 do systemu: <br>Data wprowadzenia: 2019-02-13 15:13:55 <br>Ostatnia zmiana: 2019-02-16 12:42:44<br>Ilo\u015b\u0107 wy\u015bwietle\u0144: 886<\/pre>\n","protected":false},"excerpt":{"rendered":"<p>Sposoby przyjmowania i za\u0142atwiania spraw Dyrektor szko\u0142y- Tadeusz Paku\u0142aprzyjmuje w poniedzia\u0142ki godz. 12.00 \u2013 14.00 Sekretariat czynny codziennie w godz. 8.00- 15.00. Kompetencje Organy Szko\u0142y Podstawowej im. W\u0142. Szafera w \u017barkach: Dyrektor, Rada Pedagogiczna, Rada Rodzic\u00f3w, Samorz\u0105d Uczniowski. 2. Kompetencje organ\u00f3w szko\u0142y okre\u015bla Statut Szko\u0142y Podstawowej im. W\u0142. Szafera w \u017barkach. 3. Rada Pedagogiczna, Rada &hellip; <a href=\"https:\/\/bipspzarki.zarki.szkola.pl\/index.php\/przedmiot-dzialalnosci-i-kompetencje\/\" class=\"more-link\">Czytaj dalej <span class=\"screen-reader-text\">Przedmiot dzia\u0142alno\u015bci i kompetencje<\/span><\/a><\/p>\n","protected":false},"author":1,"featured_media":0,"parent":0,"menu_order":0,"comment_status":"closed","ping_status":"closed","template":"","meta":{"footnotes":""},"class_list":["post-14","page","type-page","status-publish","hentry"],"_links":{"self":[{"href":"https:\/\/bipspzarki.zarki.szkola.pl\/index.php\/wp-json\/wp\/v2\/pages\/14"}],"collection":[{"href":"https:\/\/bipspzarki.zarki.szkola.pl\/index.php\/wp-json\/wp\/v2\/pages"}],"about":[{"href":"https:\/\/bipspzarki.zarki.szkola.pl\/index.php\/wp-json\/wp\/v2\/types\/page"}],"author":[{"embeddable":true,"href":"https:\/\/bipspzarki.zarki.szkola.pl\/index.php\/wp-json\/wp\/v2\/users\/1"}],"replies":[{"embeddable":true,"href":"https:\/\/bipspzarki.zarki.szkola.pl\/index.php\/wp-json\/wp\/v2\/comments?post=14"}],"version-history":[{"count":4,"href":"https:\/\/bipspzarki.zarki.szkola.pl\/index.php\/wp-json\/wp\/v2\/pages\/14\/revisions"}],"predecessor-version":[{"id":152,"href":"https:\/\/bipspzarki.zarki.szkola.pl\/index.php\/wp-json\/wp\/v2\/pages\/14\/revisions\/152"}],"wp:attachment":[{"href":"https:\/\/bipspzarki.zarki.szkola.pl\/index.php\/wp-json\/wp\/v2\/media?parent=14"}],"curies":[{"name":"wp","href":"https:\/\/api.w.org\/{rel}","templated":true}]}}