{"id":19,"date":"2019-02-13T15:14:23","date_gmt":"2019-02-13T14:14:23","guid":{"rendered":"http:\/\/bipspzarki.zarki.com.pl\/?page_id=19"},"modified":"2021-11-24T12:06:38","modified_gmt":"2021-11-24T11:06:38","slug":"budzet","status":"publish","type":"page","link":"https:\/\/bipspzarki.zarki.szkola.pl\/index.php\/budzet\/","title":{"rendered":"Bud\u017cet"},"content":{"rendered":"\n<div class=\"wp-block-file\"><a href=\"https:\/\/bipspzarki.zarki.szkola.pl\/wp-content\/uploads\/2021\/11\/Projekt-planu-finansowego-jednostki-bud\u017cetowej-na-2022r-1.pdf\">Projekt planu finansowego jednostki bud\u017cetowej na 2022r &#8211; 1<\/a><a href=\"https:\/\/bipspzarki.zarki.szkola.pl\/wp-content\/uploads\/2021\/11\/Projekt-planu-finansowego-jednostki-bud\u017cetowej-na-2022r-1.pdf\" class=\"wp-block-file__button\" download>Pobierz<\/a><\/div>\n\n\n\n<div class=\"wp-block-file\"><a href=\"https:\/\/bipspzarki.zarki.szkola.pl\/wp-content\/uploads\/2021\/11\/Projekt-planu-finansowego-jednostki-bud\u017cetowej-na-2022r-2.pdf\">Projekt planu finansowego jednostki bud\u017cetowej na 2022r &#8211; 2<\/a><a href=\"https:\/\/bipspzarki.zarki.szkola.pl\/wp-content\/uploads\/2021\/11\/Projekt-planu-finansowego-jednostki-bud\u017cetowej-na-2022r-2.pdf\" class=\"wp-block-file__button\" download>Pobierz<\/a><\/div>\n\n\n\n<hr class=\"wp-block-separator\"\/>\n\n\n\n<hr class=\"wp-block-separator\"\/>\n\n\n\n<p>Sprawozdania z wykonania bud\u017cetu<\/p>\n\n\n\n<div class=\"wp-block-file\"><a href=\"http:\/\/bipspzarki.zarki.com.pl\/wp-content\/uploads\/2020\/04\/Scan.pdf\">Scan<\/a><a href=\"http:\/\/bipspzarki.zarki.com.pl\/wp-content\/uploads\/2020\/04\/Scan.pdf\" class=\"wp-block-file__button\" download>Pobierz<\/a><\/div>\n\n\n\n<div class=\"wp-block-file\"><a href=\"http:\/\/bipspzarki.zarki.com.pl\/wp-content\/uploads\/2020\/04\/Scan1.pdf\">Scan1<\/a><a href=\"http:\/\/bipspzarki.zarki.com.pl\/wp-content\/uploads\/2020\/04\/Scan1.pdf\" class=\"wp-block-file__button\" download>Pobierz<\/a><\/div>\n\n\n\n<div class=\"wp-block-file\"><a href=\"http:\/\/bipspzarki.zarki.com.pl\/wp-content\/uploads\/2020\/04\/Scan2.pdf\">Scan2<\/a><a href=\"http:\/\/bipspzarki.zarki.com.pl\/wp-content\/uploads\/2020\/04\/Scan2.pdf\" class=\"wp-block-file__button\" download>Pobierz<\/a><\/div>\n\n\n\n<div class=\"wp-block-file\"><a href=\"http:\/\/bipspzarki.zarki.com.pl\/wp-content\/uploads\/2020\/04\/Scan3.pdf\">Scan3<\/a><a href=\"http:\/\/bipspzarki.zarki.com.pl\/wp-content\/uploads\/2020\/04\/Scan3.pdf\" class=\"wp-block-file__button\" download>Pobierz<\/a><\/div>\n\n\n\n<div class=\"wp-block-file\"><a href=\"http:\/\/bipspzarki.zarki.com.pl\/wp-content\/uploads\/2020\/04\/Scan4.pdf\">Scan4<\/a><a href=\"http:\/\/bipspzarki.zarki.com.pl\/wp-content\/uploads\/2020\/04\/Scan4.pdf\" class=\"wp-block-file__button\" download>Pobierz<\/a><\/div>\n\n\n\n<pre class=\"wp-block-preformatted\"><strong>Metryczka<\/strong><br>\u0179r\u00f3d\u0142o informacji: Tadeusz Paku\u0142a<br>Data utworzenia: 2019-02-13 15:14:23 <br>Wprowadzi\u0142 do systemu: Tadeusz Paku\u0142a<br>Data wprowadzenia: 2019-02-13 15:14:23 <br>Ostatnia zmiana: 2021-11-24 12:06:38<br>Ilo\u015b\u0107 wy\u015bwietle\u0144: 1&nbsp;160<\/pre>\n","protected":false},"excerpt":{"rendered":"<p>Sprawozdania z wykonania bud\u017cetu Metryczka\u0179r\u00f3d\u0142o informacji: Tadeusz Paku\u0142aData utworzenia: Wprowadzi\u0142 do systemu: Tadeusz Paku\u0142aData wprowadzenia: Ostatnia zmiana: Ilo\u015b\u0107 wy\u015bwietle\u0144:<\/p>\n","protected":false},"author":1,"featured_media":0,"parent":0,"menu_order":0,"comment_status":"closed","ping_status":"closed","template":"","meta":{"footnotes":""},"class_list":["post-19","page","type-page","status-publish","hentry"],"_links":{"self":[{"href":"https:\/\/bipspzarki.zarki.szkola.pl\/index.php\/wp-json\/wp\/v2\/pages\/19"}],"collection":[{"href":"https:\/\/bipspzarki.zarki.szkola.pl\/index.php\/wp-json\/wp\/v2\/pages"}],"about":[{"href":"https:\/\/bipspzarki.zarki.szkola.pl\/index.php\/wp-json\/wp\/v2\/types\/page"}],"author":[{"embeddable":true,"href":"https:\/\/bipspzarki.zarki.szkola.pl\/index.php\/wp-json\/wp\/v2\/users\/1"}],"replies":[{"embeddable":true,"href":"https:\/\/bipspzarki.zarki.szkola.pl\/index.php\/wp-json\/wp\/v2\/comments?post=19"}],"version-history":[{"count":7,"href":"https:\/\/bipspzarki.zarki.szkola.pl\/index.php\/wp-json\/wp\/v2\/pages\/19\/revisions"}],"predecessor-version":[{"id":180,"href":"https:\/\/bipspzarki.zarki.szkola.pl\/index.php\/wp-json\/wp\/v2\/pages\/19\/revisions\/180"}],"wp:attachment":[{"href":"https:\/\/bipspzarki.zarki.szkola.pl\/index.php\/wp-json\/wp\/v2\/media?parent=19"}],"curies":[{"name":"wp","href":"https:\/\/api.w.org\/{rel}","templated":true}]}}