{"id":21,"date":"2019-02-13T15:14:33","date_gmt":"2019-02-13T14:14:33","guid":{"rendered":"http:\/\/bipspzarki.zarki.com.pl\/?page_id=21"},"modified":"2019-02-16T12:50:06","modified_gmt":"2019-02-16T11:50:06","slug":"organizacja","status":"publish","type":"page","link":"https:\/\/bipspzarki.zarki.szkola.pl\/index.php\/organizacja\/","title":{"rendered":"Organizacja"},"content":{"rendered":"\n<p><a href=\"http:\/\/bipspzarki.zarki.com.pl\/wp-content\/uploads\/2019\/02\/statut.pdf\">Statut<\/a><\/p>\n\n\n\n<pre class=\"wp-block-preformatted\"><strong>Metryczka<\/strong><br>\u017br\u00f3d\u0142o informacji: <br>Data utworzenia: 2019-02-13 15:14:33 <br>Wprowadzi\u0142 do systemu: <br>Data wprowadzenia: 2019-02-13 15:14:33 <br>Ostatnia zmiana: 2019-02-16 12:50:06<br>Ilo\u015b\u0107 wy\u015bwietle\u0144: 1&nbsp;027<\/pre>\n","protected":false},"excerpt":{"rendered":"<p>Statut Metryczka\u017br\u00f3d\u0142o informacji: Data utworzenia: Wprowadzi\u0142 do systemu: Data wprowadzenia: Ostatnia zmiana: Ilo\u015b\u0107 wy\u015bwietle\u0144:<\/p>\n","protected":false},"author":1,"featured_media":0,"parent":0,"menu_order":0,"comment_status":"closed","ping_status":"closed","template":"","meta":{"footnotes":""},"class_list":["post-21","page","type-page","status-publish","hentry"],"_links":{"self":[{"href":"https:\/\/bipspzarki.zarki.szkola.pl\/index.php\/wp-json\/wp\/v2\/pages\/21"}],"collection":[{"href":"https:\/\/bipspzarki.zarki.szkola.pl\/index.php\/wp-json\/wp\/v2\/pages"}],"about":[{"href":"https:\/\/bipspzarki.zarki.szkola.pl\/index.php\/wp-json\/wp\/v2\/types\/page"}],"author":[{"embeddable":true,"href":"https:\/\/bipspzarki.zarki.szkola.pl\/index.php\/wp-json\/wp\/v2\/users\/1"}],"replies":[{"embeddable":true,"href":"https:\/\/bipspzarki.zarki.szkola.pl\/index.php\/wp-json\/wp\/v2\/comments?post=21"}],"version-history":[{"count":4,"href":"https:\/\/bipspzarki.zarki.szkola.pl\/index.php\/wp-json\/wp\/v2\/pages\/21\/revisions"}],"predecessor-version":[{"id":158,"href":"https:\/\/bipspzarki.zarki.szkola.pl\/index.php\/wp-json\/wp\/v2\/pages\/21\/revisions\/158"}],"wp:attachment":[{"href":"https:\/\/bipspzarki.zarki.szkola.pl\/index.php\/wp-json\/wp\/v2\/media?parent=21"}],"curies":[{"name":"wp","href":"https:\/\/api.w.org\/{rel}","templated":true}]}}