{"id":23,"date":"2019-02-13T15:14:43","date_gmt":"2019-02-13T14:14:43","guid":{"rendered":"http:\/\/bipspzarki.zarki.com.pl\/?page_id=23"},"modified":"2019-02-16T12:26:02","modified_gmt":"2019-02-16T11:26:02","slug":"dyrekcja","status":"publish","type":"page","link":"https:\/\/bipspzarki.zarki.szkola.pl\/index.php\/dyrekcja\/","title":{"rendered":"Dyrekcja"},"content":{"rendered":"\n<p><strong>Dyrektor:<br><\/strong>mgr Tadeusz Paku\u0142a<br>tel. 34 3148010<br>email:\u00a0spzarki@interia.pl<\/p>\n\n\n\n<pre class=\"wp-block-preformatted\"><strong>Metryczka<\/strong><br>\u017br\u00f3d\u0142o informacji: <br>Data utworzenia: 2019-02-13 15:14:43 <br>Wprowadzi\u0142 do systemu: <br>Data wprowadzenia: 2019-02-13 15:14:43 <br>Ostatnia zmiana: 2019-02-16 12:26:02<br>Ilo\u015b\u0107 wy\u015bwietle\u0144: 813<\/pre>\n","protected":false},"excerpt":{"rendered":"<p>Dyrektor:mgr Tadeusz Paku\u0142atel. 34 3148010email:\u00a0spzarki@interia.pl Metryczka\u017br\u00f3d\u0142o informacji: Data utworzenia: Wprowadzi\u0142 do systemu: Data wprowadzenia: Ostatnia zmiana: Ilo\u015b\u0107 wy\u015bwietle\u0144:<\/p>\n","protected":false},"author":1,"featured_media":0,"parent":0,"menu_order":0,"comment_status":"closed","ping_status":"closed","template":"","meta":{"footnotes":""},"class_list":["post-23","page","type-page","status-publish","hentry"],"_links":{"self":[{"href":"https:\/\/bipspzarki.zarki.szkola.pl\/index.php\/wp-json\/wp\/v2\/pages\/23"}],"collection":[{"href":"https:\/\/bipspzarki.zarki.szkola.pl\/index.php\/wp-json\/wp\/v2\/pages"}],"about":[{"href":"https:\/\/bipspzarki.zarki.szkola.pl\/index.php\/wp-json\/wp\/v2\/types\/page"}],"author":[{"embeddable":true,"href":"https:\/\/bipspzarki.zarki.szkola.pl\/index.php\/wp-json\/wp\/v2\/users\/1"}],"replies":[{"embeddable":true,"href":"https:\/\/bipspzarki.zarki.szkola.pl\/index.php\/wp-json\/wp\/v2\/comments?post=23"}],"version-history":[{"count":2,"href":"https:\/\/bipspzarki.zarki.szkola.pl\/index.php\/wp-json\/wp\/v2\/pages\/23\/revisions"}],"predecessor-version":[{"id":139,"href":"https:\/\/bipspzarki.zarki.szkola.pl\/index.php\/wp-json\/wp\/v2\/pages\/23\/revisions\/139"}],"wp:attachment":[{"href":"https:\/\/bipspzarki.zarki.szkola.pl\/index.php\/wp-json\/wp\/v2\/media?parent=23"}],"curies":[{"name":"wp","href":"https:\/\/api.w.org\/{rel}","templated":true}]}}