{"id":48,"date":"2019-02-13T15:19:42","date_gmt":"2019-02-13T14:19:42","guid":{"rendered":"http:\/\/bipspzarki.zarki.com.pl\/?page_id=48"},"modified":"2019-02-16T12:38:59","modified_gmt":"2019-02-16T11:38:59","slug":"redaktorzy","status":"publish","type":"page","link":"https:\/\/bipspzarki.zarki.szkola.pl\/index.php\/redaktorzy\/","title":{"rendered":"Redaktorzy"},"content":{"rendered":"\n<pre class=\"wp-block-preformatted\"><strong>Metryczka<\/strong><br>\u017br\u00f3d\u0142o informacji: <br>Data utworzenia: 2019-02-13 15:19:42 <br>Wprowadzi\u0142 do systemu: <br>Data wprowadzenia: 2019-02-13 15:19:42 <br>Ostatnia zmiana: 2019-02-16 12:38:59<br>Ilo\u015b\u0107 wy\u015bwietle\u0144: 763<\/pre>\n","protected":false},"excerpt":{"rendered":"<p>Metryczka\u017br\u00f3d\u0142o informacji: Data utworzenia: Wprowadzi\u0142 do systemu: Data wprowadzenia: Ostatnia zmiana: Ilo\u015b\u0107 wy\u015bwietle\u0144:<\/p>\n","protected":false},"author":1,"featured_media":0,"parent":0,"menu_order":0,"comment_status":"closed","ping_status":"closed","template":"","meta":{"footnotes":""},"class_list":["post-48","page","type-page","status-publish","hentry"],"_links":{"self":[{"href":"https:\/\/bipspzarki.zarki.szkola.pl\/index.php\/wp-json\/wp\/v2\/pages\/48"}],"collection":[{"href":"https:\/\/bipspzarki.zarki.szkola.pl\/index.php\/wp-json\/wp\/v2\/pages"}],"about":[{"href":"https:\/\/bipspzarki.zarki.szkola.pl\/index.php\/wp-json\/wp\/v2\/types\/page"}],"author":[{"embeddable":true,"href":"https:\/\/bipspzarki.zarki.szkola.pl\/index.php\/wp-json\/wp\/v2\/users\/1"}],"replies":[{"embeddable":true,"href":"https:\/\/bipspzarki.zarki.szkola.pl\/index.php\/wp-json\/wp\/v2\/comments?post=48"}],"version-history":[{"count":2,"href":"https:\/\/bipspzarki.zarki.szkola.pl\/index.php\/wp-json\/wp\/v2\/pages\/48\/revisions"}],"predecessor-version":[{"id":148,"href":"https:\/\/bipspzarki.zarki.szkola.pl\/index.php\/wp-json\/wp\/v2\/pages\/48\/revisions\/148"}],"wp:attachment":[{"href":"https:\/\/bipspzarki.zarki.szkola.pl\/index.php\/wp-json\/wp\/v2\/media?parent=48"}],"curies":[{"name":"wp","href":"https:\/\/api.w.org\/{rel}","templated":true}]}}